{"id":12464,"date":"2020-07-06T15:35:57","date_gmt":"2020-07-06T15:35:57","guid":{"rendered":"https:\/\/demo1.mycartheme.com\/?page_id=12464"},"modified":"2024-02-21T08:19:42","modified_gmt":"2024-02-21T08:19:42","slug":"calculator-credit","status":"publish","type":"page","link":"https:\/\/blackauto.ro\/en\/calculator-credit\/","title":{"rendered":"Credit calculator"},"content":{"rendered":"<div data-elementor-type=\"wp-page\" data-elementor-id=\"12464\" class=\"elementor elementor-12464\">\n\t\t\t\t\t\t<section class=\"elementor-section elementor-top-section elementor-element elementor-element-be4c023 elementor-section-boxed elementor-section-height-default elementor-section-height-default\" data-id=\"be4c023\" data-element_type=\"section\">\n\t\t\t\t\t\t<div class=\"elementor-container elementor-column-gap-default\">\n\t\t\t\t\t<div class=\"elementor-column elementor-col-100 elementor-top-column elementor-element elementor-element-ff5ae5e\" data-id=\"ff5ae5e\" data-element_type=\"column\">\n\t\t\t<div class=\"elementor-widget-wrap elementor-element-populated\">\n\t\t\t\t\t\t<div class=\"elementor-element elementor-element-b2fdcac elementor-widget elementor-widget-spacer\" data-id=\"b2fdcac\" data-element_type=\"widget\" data-widget_type=\"spacer.default\">\n\t\t\t\t<div class=\"elementor-widget-container\">\n\t\t\t\t\t<div class=\"elementor-spacer\">\n\t\t\t<div class=\"elementor-spacer-inner\"><\/div>\n\t\t<\/div>\n\t\t\t\t<\/div>\n\t\t\t\t<\/div>\n\t\t\t\t<div class=\"elementor-element elementor-element-459e4e0 elementor-widget elementor-widget-vehica_loan_calculator_general_widget\" data-id=\"459e4e0\" data-element_type=\"widget\" data-widget_type=\"vehica_loan_calculator_general_widget.default\">\n\t\t\t\t<div class=\"elementor-widget-container\">\n\t\t\t<div class=\"vehica-app\">\r\n    <vehica-loan-calculator\r\n            decimal-separator=\".\"\r\n            thousands-separator=\",\"\r\n            :price-decimal-places=\"0\"\r\n            price-decimal-separator=\"\"\r\n            price-thousands-separator=\",\"\r\n    >\r\n        <div slot-scope=\"props\" class=\"vehica-loan-calculator\">\r\n            <div class=\"vehica-loan-calculator__title\">\r\n                Credit calculator            <\/div>\r\n\r\n                            <div class=\"vehica-loan-calculator__subtitle\">\r\n                    <p><span style=\"color: #000000\">Lucram cu parteneri de \u00eencredere pentru pentru a asigura finatarea in rate a produselor comercializate de noi, adaptate in functie de particularitatile produsului si ale clientului. \u021ain\u00e2nd cont de complexitatea tranzac\u021biei <strong>Black Auto<\/strong> poate solicita documente sau informa\u021bii suplimentare considerate esen\u021biale\/necesare pentru fundamentarea deciziei de finan\u021bare.<\/span><br \/><span style=\"color: #000000\">Ne dorim s\u0103 te sprijinim in achizitionarea autovehiculului potrivit nevoilor tale. Dac\u0103 vrei s\u0103 afli mai multe despre cum putem lucra \u00eempreun\u0103, d\u0103-ne de veste!<\/span><\/p>                <\/div>\r\n            \r\n            <form @submit.prevent=\"props.onCalculate\" action=\"\">\r\n                <div class=\"vehica-loan-calculator__fields\">\r\n                    <div class=\"vehica-loan-calculator__fields__inner\">\r\n                        <div class=\"vehica-loan-calculator__field-wrapper\">\r\n                            <h4>\r\n                                Pret                                <span class=\"vehica-text-primary\">*<\/span>\r\n                            <\/h4>\r\n\r\n                            <div class=\"vehica-loan-calculator__field\">\r\n                                <div class=\"vehica-loan-calculator__sign\">\r\n                                    <i class=\"fas fa-tag\"><\/i>\r\n                                <\/div>\r\n\r\n                                <input\r\n                                        id=\"vehica-loan-calculator__price\"\r\n                                        type=\"text\"\r\n                                                                    >\r\n                            <\/div>\r\n                        <\/div>\r\n\r\n                        <div class=\"vehica-loan-calculator__field-wrapper\">\r\n                            <h4>\r\n                                Dobanda                                <span class=\"vehica-text-primary\">*<\/span>\r\n                            <\/h4>\r\n\r\n                            <div class=\"vehica-loan-calculator__field\">\r\n                                <div class=\"vehica-loan-calculator__sign\">\r\n                                    %                                <\/div>\r\n\r\n                                <input\r\n                                        id=\"vehica-loan-calculator__rate\"\r\n                                        type=\"text\"\r\n                                        value=\"15\"\r\n                                >\r\n                            <\/div>\r\n                        <\/div>\r\n\r\n                        <div class=\"vehica-loan-calculator__field-wrapper\">\r\n                            <h4>Perioada (luni)                                <span class=\"vehica-text-primary\">*<\/span>\r\n                            <\/h4>\r\n\r\n                            <div class=\"vehica-loan-calculator__field\">\r\n                                <div class=\"vehica-loan-calculator__sign\">\r\n                                    <i class=\"far fa-calendar-alt\"><\/i>\r\n                                <\/div>\r\n\r\n                                <input\r\n                                        id=\"vehica-loan-calculator__months\"\r\n                                        type=\"text\"\r\n                                        value=\"36\"\r\n                                >\r\n                            <\/div>\r\n                        <\/div>\r\n\r\n                        <div class=\"vehica-loan-calculator__field-wrapper\">\r\n                            <h4>Avans<\/h4>\r\n\r\n                            <div class=\"vehica-loan-calculator__field\">\r\n                                <div class=\"vehica-loan-calculator__sign\">\r\n                                    \u20ac                                <\/div>\r\n\r\n                                <input\r\n                                        id=\"vehica-loan-calculator__contribution\"\r\n                                        type=\"text\"\r\n                                                                            value=\"2000\"\r\n                                                                    >\r\n                            <\/div>\r\n                        <\/div>\r\n                    <\/div>\r\n                <\/div>\r\n            <input type=\"hidden\" name=\"trp-form-language\" value=\"en\"\/><\/form>\r\n\r\n            <div>\r\n                <div class=\"vehica-loan-calculator__separator\"><\/div>\r\n\r\n                <div class=\"vehica-loan-calculator__results--wrapper\">\r\n                    <div class=\"vehica-loan-calculator__results\">\r\n                        <div class=\"vehica-loan-calculator__results__col\">\r\n                            <h3>Rata lunara<\/h3>\r\n                            <h4 v-if=\"!props.showResults\">-<\/h4>\r\n                            <template>\r\n                                <h4 v-if=\"props.showResults\">{{ props.installment }}<\/h4>\r\n                            <\/template>\r\n                        <\/div>\r\n\r\n                        <div class=\"vehica-loan-calculator__results__col\">\r\n                            <h3>Dobanda totala<\/h3>\r\n                            <h4 v-if=\"!props.showResults\">-<\/h4>\r\n                            <template>\r\n                                <h4 v-if=\"props.showResults\">{{ props.interest }}<\/h4>\r\n                            <\/template>\r\n                        <\/div>\r\n\r\n                        <div class=\"vehica-loan-calculator__results__col\">\r\n                            <h3>Credit<\/h3>\r\n                            <h4 v-if=\"!props.showResults\">-<\/h4>\r\n                            <template>\r\n                                <h4 v-if=\"props.showResults\">\r\n                                    {{ props.total }}\r\n                                <\/h4>\r\n                            <\/template>\r\n                        <\/div>\r\n                    <\/div>\r\n                <\/div>\r\n                                    <div class=\"vehica-loan-calculator__end-text\">\r\n                        <p><span style=\"color: #000000\">*Calculatorul de rate este informativ si nu include costul cu asigurarile, respectiv comisioanele aferente obtinerii finantarii.<\/span><\/p>                    <\/div>\r\n                            <\/div>\r\n        <\/div>\r\n    <\/vehica-loan-calculator>\r\n<\/div>\t\t<\/div>\n\t\t\t\t<\/div>\n\t\t\t\t<div class=\"elementor-element elementor-element-1607bc3 elementor-widget elementor-widget-spacer\" data-id=\"1607bc3\" data-element_type=\"widget\" data-widget_type=\"spacer.default\">\n\t\t\t\t<div class=\"elementor-widget-container\">\n\t\t\t\t\t<div class=\"elementor-spacer\">\n\t\t\t<div class=\"elementor-spacer-inner\"><\/div>\n\t\t<\/div>\n\t\t\t\t<\/div>\n\t\t\t\t<\/div>\n\t\t\t\t\t<\/div>\n\t\t<\/div>\n\t\t\t\t\t<\/div>\n\t\t<\/section>\n\t\t\t\t<\/div>","protected":false},"excerpt":{"rendered":"<p>Calculator credit Lucram cu parteneri de \u00eencredere pentru pentru a asigura finatarea in rate a produselor comercializate de noi, adaptate in functie de particularitatile produsului si ale clientului. \u021ain\u00e2nd cont de complexitatea tranzac\u021biei Black Auto poate solicita documente sau informa\u021bii suplimentare considerate esen\u021biale\/necesare pentru fundamentarea deciziei de finan\u021bare.Ne dorim s\u0103 te sprijinim in achizitionarea autovehiculului [&hellip;]<\/p>","protected":false},"author":1,"featured_media":0,"parent":0,"menu_order":0,"comment_status":"closed","ping_status":"closed","template":"","meta":{"footnotes":""},"class_list":["post-12464","page","type-page","status-publish","hentry"],"yoast_head":"<!-- This site is optimized with the Yoast SEO plugin v22.1 - https:\/\/yoast.com\/wordpress\/plugins\/seo\/ -->\n<title>Calculator credit - Black Auto<\/title>\n<meta name=\"description\" content=\"Calculator credit\" \/>\n<meta name=\"robots\" content=\"index, follow, max-snippet:-1, max-image-preview:large, max-video-preview:-1\" \/>\n<link rel=\"canonical\" href=\"https:\/\/blackauto.ro\/en\/calculator-credit\/\" \/>\n<meta property=\"og:locale\" content=\"en_US\" \/>\n<meta property=\"og:type\" content=\"article\" \/>\n<meta property=\"og:title\" content=\"Calculator credit - Black Auto\" \/>\n<meta property=\"og:description\" content=\"Calculator credit\" \/>\n<meta property=\"og:url\" content=\"https:\/\/blackauto.ro\/en\/calculator-credit\/\" \/>\n<meta property=\"og:site_name\" content=\"Black Auto\" \/>\n<meta property=\"article:publisher\" content=\"https:\/\/www.facebook.com\/BlackAutoTM\" \/>\n<meta property=\"article:modified_time\" content=\"2024-02-21T08:19:42+00:00\" \/>\n<meta name=\"twitter:card\" content=\"summary_large_image\" \/>\n<meta name=\"twitter:label1\" content=\"Est. reading time\" \/>\n\t<meta name=\"twitter:data1\" content=\"1 minute\" \/>\n<script type=\"application\/ld+json\" class=\"yoast-schema-graph\">{\"@context\":\"https:\/\/schema.org\",\"@graph\":[{\"@type\":\"WebPage\",\"@id\":\"https:\/\/blackauto.ro\/calculator-credit\/\",\"url\":\"https:\/\/blackauto.ro\/calculator-credit\/\",\"name\":\"Calculator credit - Black Auto\",\"isPartOf\":{\"@id\":\"https:\/\/blackauto.ro\/#website\"},\"datePublished\":\"2020-07-06T15:35:57+00:00\",\"dateModified\":\"2024-02-21T08:19:42+00:00\",\"description\":\"Calculator credit\",\"breadcrumb\":{\"@id\":\"https:\/\/blackauto.ro\/calculator-credit\/#breadcrumb\"},\"inLanguage\":\"en-US\",\"potentialAction\":[{\"@type\":\"ReadAction\",\"target\":[\"https:\/\/blackauto.ro\/calculator-credit\/\"]}]},{\"@type\":\"BreadcrumbList\",\"@id\":\"https:\/\/blackauto.ro\/calculator-credit\/#breadcrumb\",\"itemListElement\":[{\"@type\":\"ListItem\",\"position\":1,\"name\":\"Prima pagin\u0103\",\"item\":\"https:\/\/blackauto.ro\/\"},{\"@type\":\"ListItem\",\"position\":2,\"name\":\"Calculator credit\"}]},{\"@type\":\"WebSite\",\"@id\":\"https:\/\/blackauto.ro\/#website\",\"url\":\"https:\/\/blackauto.ro\/\",\"name\":\"Black Auto\",\"description\":\"Auto Rulate\",\"publisher\":{\"@id\":\"https:\/\/blackauto.ro\/#organization\"},\"potentialAction\":[{\"@type\":\"SearchAction\",\"target\":{\"@type\":\"EntryPoint\",\"urlTemplate\":\"https:\/\/blackauto.ro\/?s={search_term_string}\"},\"query-input\":\"required name=search_term_string\"}],\"inLanguage\":\"en-US\"},{\"@type\":\"Organization\",\"@id\":\"https:\/\/blackauto.ro\/#organization\",\"name\":\"BlackAuto\",\"url\":\"https:\/\/blackauto.ro\/\",\"logo\":{\"@type\":\"ImageObject\",\"inLanguage\":\"en-US\",\"@id\":\"https:\/\/blackauto.ro\/#\/schema\/logo\/image\/\",\"url\":\"https:\/\/blackauto.ro\/wp-content\/uploads\/2021\/09\/bauto.png\",\"contentUrl\":\"https:\/\/blackauto.ro\/wp-content\/uploads\/2021\/09\/bauto.png\",\"width\":439,\"height\":103,\"caption\":\"BlackAuto\"},\"image\":{\"@id\":\"https:\/\/blackauto.ro\/#\/schema\/logo\/image\/\"},\"sameAs\":[\"https:\/\/www.facebook.com\/BlackAutoTM\",\"https:\/\/www.youtube.com\/channel\/UCdoqE32iH5UyxQUaO01BZlg\"]}]}<\/script>\n<!-- \/ Yoast SEO plugin. -->","yoast_head_json":{"title":"Calculator credit - Black Auto","description":"Calculator credit","robots":{"index":"index","follow":"follow","max-snippet":"max-snippet:-1","max-image-preview":"max-image-preview:large","max-video-preview":"max-video-preview:-1"},"canonical":"https:\/\/blackauto.ro\/en\/calculator-credit\/","og_locale":"en_US","og_type":"article","og_title":"Calculator credit - Black Auto","og_description":"Calculator credit","og_url":"https:\/\/blackauto.ro\/en\/calculator-credit\/","og_site_name":"Black Auto","article_publisher":"https:\/\/www.facebook.com\/BlackAutoTM","article_modified_time":"2024-02-21T08:19:42+00:00","twitter_card":"summary_large_image","twitter_misc":{"Est. reading time":"1 minute"},"schema":{"@context":"https:\/\/schema.org","@graph":[{"@type":"WebPage","@id":"https:\/\/blackauto.ro\/calculator-credit\/","url":"https:\/\/blackauto.ro\/calculator-credit\/","name":"Calculator credit - Black Auto","isPartOf":{"@id":"https:\/\/blackauto.ro\/#website"},"datePublished":"2020-07-06T15:35:57+00:00","dateModified":"2024-02-21T08:19:42+00:00","description":"Calculator credit","breadcrumb":{"@id":"https:\/\/blackauto.ro\/calculator-credit\/#breadcrumb"},"inLanguage":"en-US","potentialAction":[{"@type":"ReadAction","target":["https:\/\/blackauto.ro\/calculator-credit\/"]}]},{"@type":"BreadcrumbList","@id":"https:\/\/blackauto.ro\/calculator-credit\/#breadcrumb","itemListElement":[{"@type":"ListItem","position":1,"name":"Prima pagin\u0103","item":"https:\/\/blackauto.ro\/"},{"@type":"ListItem","position":2,"name":"Calculator credit"}]},{"@type":"WebSite","@id":"https:\/\/blackauto.ro\/#website","url":"https:\/\/blackauto.ro\/","name":"Black Auto","description":"Auto Rulate","publisher":{"@id":"https:\/\/blackauto.ro\/#organization"},"potentialAction":[{"@type":"SearchAction","target":{"@type":"EntryPoint","urlTemplate":"https:\/\/blackauto.ro\/?s={search_term_string}"},"query-input":"required name=search_term_string"}],"inLanguage":"en-US"},{"@type":"Organization","@id":"https:\/\/blackauto.ro\/#organization","name":"BlackAuto","url":"https:\/\/blackauto.ro\/","logo":{"@type":"ImageObject","inLanguage":"en-US","@id":"https:\/\/blackauto.ro\/#\/schema\/logo\/image\/","url":"https:\/\/blackauto.ro\/wp-content\/uploads\/2021\/09\/bauto.png","contentUrl":"https:\/\/blackauto.ro\/wp-content\/uploads\/2021\/09\/bauto.png","width":439,"height":103,"caption":"BlackAuto"},"image":{"@id":"https:\/\/blackauto.ro\/#\/schema\/logo\/image\/"},"sameAs":["https:\/\/www.facebook.com\/BlackAutoTM","https:\/\/www.youtube.com\/channel\/UCdoqE32iH5UyxQUaO01BZlg"]}]}},"_links":{"self":[{"href":"https:\/\/blackauto.ro\/en\/wp-json\/wp\/v2\/pages\/12464","targetHints":{"allow":["GET"]}}],"collection":[{"href":"https:\/\/blackauto.ro\/en\/wp-json\/wp\/v2\/pages"}],"about":[{"href":"https:\/\/blackauto.ro\/en\/wp-json\/wp\/v2\/types\/page"}],"author":[{"embeddable":true,"href":"https:\/\/blackauto.ro\/en\/wp-json\/wp\/v2\/users\/1"}],"replies":[{"embeddable":true,"href":"https:\/\/blackauto.ro\/en\/wp-json\/wp\/v2\/comments?post=12464"}],"version-history":[{"count":0,"href":"https:\/\/blackauto.ro\/en\/wp-json\/wp\/v2\/pages\/12464\/revisions"}],"wp:attachment":[{"href":"https:\/\/blackauto.ro\/en\/wp-json\/wp\/v2\/media?parent=12464"}],"curies":[{"name":"wp","href":"https:\/\/api.w.org\/{rel}","templated":true}]}}