{"id":2333,"date":"2019-08-09T11:16:53","date_gmt":"2019-08-09T11:16:53","guid":{"rendered":"http:\/\/mycars.digitalatlas.io\/?page_id=2333"},"modified":"2021-09-01T13:05:54","modified_gmt":"2021-09-01T13:05:54","slug":"404-page","status":"publish","type":"page","link":"https:\/\/blackauto.ro\/en\/404-page\/","title":{"rendered":"404 Page"},"content":{"rendered":"<div data-elementor-type=\"wp-post\" data-elementor-id=\"2333\" class=\"elementor elementor-2333\">\n\t\t\t\t\t\t<section class=\"elementor-section elementor-top-section elementor-element elementor-element-ad3999f vehica-404 elementor-section-boxed elementor-section-height-default elementor-section-height-default\" data-id=\"ad3999f\" data-element_type=\"section\">\n\t\t\t\t\t\t<div class=\"elementor-container elementor-column-gap-default\">\n\t\t\t\t\t<div class=\"elementor-column elementor-col-100 elementor-top-column elementor-element elementor-element-6fd44b9\" data-id=\"6fd44b9\" data-element_type=\"column\">\n\t\t\t<div class=\"elementor-widget-wrap elementor-element-populated\">\n\t\t\t\t\t\t<div class=\"elementor-element elementor-element-298f1e3 elementor-widget elementor-widget-spacer\" data-id=\"298f1e3\" data-element_type=\"widget\" data-widget_type=\"spacer.default\">\n\t\t\t\t<div class=\"elementor-widget-container\">\n\t\t\t\t\t<div class=\"elementor-spacer\">\n\t\t\t<div class=\"elementor-spacer-inner\"><\/div>\n\t\t<\/div>\n\t\t\t\t<\/div>\n\t\t\t\t<\/div>\n\t\t\t\t<div class=\"elementor-element elementor-element-9113600 elementor-widget elementor-widget-heading\" data-id=\"9113600\" data-element_type=\"widget\" data-widget_type=\"heading.default\">\n\t\t\t\t<div class=\"elementor-widget-container\">\n\t\t\t<h2 class=\"elementor-heading-title elementor-size-default\">Oops! Aceast\u0103 pagin\u0103 nu poate fi g\u0103sit\u0103.<\/h2>\t\t<\/div>\n\t\t\t\t<\/div>\n\t\t\t\t<div class=\"elementor-element elementor-element-bd83436 elementor-widget elementor-widget-spacer\" data-id=\"bd83436\" data-element_type=\"widget\" data-widget_type=\"spacer.default\">\n\t\t\t\t<div class=\"elementor-widget-container\">\n\t\t\t\t\t<div class=\"elementor-spacer\">\n\t\t\t<div class=\"elementor-spacer-inner\"><\/div>\n\t\t<\/div>\n\t\t\t\t<\/div>\n\t\t\t\t<\/div>\n\t\t\t\t<div class=\"elementor-element elementor-element-c66047c elementor-widget elementor-widget-heading\" data-id=\"c66047c\" data-element_type=\"widget\" data-widget_type=\"heading.default\">\n\t\t\t\t<div class=\"elementor-widget-container\">\n\t\t\t<h1 class=\"elementor-heading-title elementor-size-default\">404<\/h1>\t\t<\/div>\n\t\t\t\t<\/div>\n\t\t\t\t<div class=\"elementor-element elementor-element-43d76c0 elementor-widget elementor-widget-spacer\" data-id=\"43d76c0\" data-element_type=\"widget\" data-widget_type=\"spacer.default\">\n\t\t\t\t<div class=\"elementor-widget-container\">\n\t\t\t\t\t<div class=\"elementor-spacer\">\n\t\t\t<div class=\"elementor-spacer-inner\"><\/div>\n\t\t<\/div>\n\t\t\t\t<\/div>\n\t\t\t\t<\/div>\n\t\t\t\t<div class=\"elementor-element elementor-element-427de10 elementor-align-center elementor-mobile-align-justify elementor-widget elementor-widget-button\" data-id=\"427de10\" data-element_type=\"widget\" data-widget_type=\"button.default\">\n\t\t\t\t<div class=\"elementor-widget-container\">\n\t\t\t\t\t<div class=\"elementor-button-wrapper\">\n\t\t\t<a class=\"elementor-button elementor-button-link elementor-size-sm\" href=\"\/en\/\">\n\t\t\t\t\t\t<span class=\"elementor-button-content-wrapper\">\n\t\t\t\t\t\t<span class=\"elementor-button-text\">\u00cenapoi la home page<\/span>\n\t\t<\/span>\n\t\t\t\t\t<\/a>\n\t\t<\/div>\n\t\t\t\t<\/div>\n\t\t\t\t<\/div>\n\t\t\t\t<div class=\"elementor-element elementor-element-400e5fa elementor-widget elementor-widget-spacer\" data-id=\"400e5fa\" data-element_type=\"widget\" data-widget_type=\"spacer.default\">\n\t\t\t\t<div class=\"elementor-widget-container\">\n\t\t\t\t\t<div class=\"elementor-spacer\">\n\t\t\t<div class=\"elementor-spacer-inner\"><\/div>\n\t\t<\/div>\n\t\t\t\t<\/div>\n\t\t\t\t<\/div>\n\t\t\t\t\t<\/div>\n\t\t<\/div>\n\t\t\t\t\t<\/div>\n\t\t<\/section>\n\t\t\t\t<\/div>","protected":false},"excerpt":{"rendered":"<p>Oops! Aceast\u0103 pagin\u0103 nu poate fi g\u0103sit\u0103. 404 \u00cenapoi la home page<\/p>","protected":false},"author":1,"featured_media":0,"parent":0,"menu_order":0,"comment_status":"closed","ping_status":"closed","template":"","meta":{"footnotes":""},"class_list":["post-2333","page","type-page","status-publish","hentry"],"yoast_head":"<!-- This site is optimized with the Yoast SEO plugin v22.1 - https:\/\/yoast.com\/wordpress\/plugins\/seo\/ -->\n<title>404 Page - Black Auto<\/title>\n<meta name=\"description\" content=\"404 Page\" \/>\n<meta name=\"robots\" content=\"index, follow, max-snippet:-1, max-image-preview:large, max-video-preview:-1\" \/>\n<link rel=\"canonical\" href=\"https:\/\/blackauto.ro\/en\/404-page\/\" \/>\n<meta property=\"og:locale\" content=\"en_US\" \/>\n<meta property=\"og:type\" content=\"article\" \/>\n<meta property=\"og:title\" content=\"404 Page - Black Auto\" \/>\n<meta property=\"og:description\" content=\"404 Page\" \/>\n<meta property=\"og:url\" content=\"https:\/\/blackauto.ro\/en\/404-page\/\" \/>\n<meta property=\"og:site_name\" content=\"Black Auto\" \/>\n<meta property=\"article:publisher\" content=\"https:\/\/www.facebook.com\/BlackAutoTM\" \/>\n<meta property=\"article:modified_time\" content=\"2021-09-01T13:05:54+00:00\" \/>\n<meta name=\"twitter:card\" content=\"summary_large_image\" \/>\n<script type=\"application\/ld+json\" class=\"yoast-schema-graph\">{\"@context\":\"https:\/\/schema.org\",\"@graph\":[{\"@type\":\"WebPage\",\"@id\":\"https:\/\/blackauto.ro\/404-page\/\",\"url\":\"https:\/\/blackauto.ro\/404-page\/\",\"name\":\"404 Page - Black Auto\",\"isPartOf\":{\"@id\":\"https:\/\/blackauto.ro\/#website\"},\"datePublished\":\"2019-08-09T11:16:53+00:00\",\"dateModified\":\"2021-09-01T13:05:54+00:00\",\"description\":\"404 Page\",\"breadcrumb\":{\"@id\":\"https:\/\/blackauto.ro\/404-page\/#breadcrumb\"},\"inLanguage\":\"en-US\",\"potentialAction\":[{\"@type\":\"ReadAction\",\"target\":[\"https:\/\/blackauto.ro\/404-page\/\"]}]},{\"@type\":\"BreadcrumbList\",\"@id\":\"https:\/\/blackauto.ro\/404-page\/#breadcrumb\",\"itemListElement\":[{\"@type\":\"ListItem\",\"position\":1,\"name\":\"Prima pagin\u0103\",\"item\":\"https:\/\/blackauto.ro\/\"},{\"@type\":\"ListItem\",\"position\":2,\"name\":\"404 Page\"}]},{\"@type\":\"WebSite\",\"@id\":\"https:\/\/blackauto.ro\/#website\",\"url\":\"https:\/\/blackauto.ro\/\",\"name\":\"Black Auto\",\"description\":\"Auto Rulate\",\"publisher\":{\"@id\":\"https:\/\/blackauto.ro\/#organization\"},\"potentialAction\":[{\"@type\":\"SearchAction\",\"target\":{\"@type\":\"EntryPoint\",\"urlTemplate\":\"https:\/\/blackauto.ro\/?s={search_term_string}\"},\"query-input\":\"required name=search_term_string\"}],\"inLanguage\":\"en-US\"},{\"@type\":\"Organization\",\"@id\":\"https:\/\/blackauto.ro\/#organization\",\"name\":\"BlackAuto\",\"url\":\"https:\/\/blackauto.ro\/\",\"logo\":{\"@type\":\"ImageObject\",\"inLanguage\":\"en-US\",\"@id\":\"https:\/\/blackauto.ro\/#\/schema\/logo\/image\/\",\"url\":\"https:\/\/blackauto.ro\/wp-content\/uploads\/2021\/09\/bauto.png\",\"contentUrl\":\"https:\/\/blackauto.ro\/wp-content\/uploads\/2021\/09\/bauto.png\",\"width\":439,\"height\":103,\"caption\":\"BlackAuto\"},\"image\":{\"@id\":\"https:\/\/blackauto.ro\/#\/schema\/logo\/image\/\"},\"sameAs\":[\"https:\/\/www.facebook.com\/BlackAutoTM\",\"https:\/\/www.youtube.com\/channel\/UCdoqE32iH5UyxQUaO01BZlg\"]}]}<\/script>\n<!-- \/ Yoast SEO plugin. -->","yoast_head_json":{"title":"404 Page - Black Auto","description":"404 Page","robots":{"index":"index","follow":"follow","max-snippet":"max-snippet:-1","max-image-preview":"max-image-preview:large","max-video-preview":"max-video-preview:-1"},"canonical":"https:\/\/blackauto.ro\/en\/404-page\/","og_locale":"en_US","og_type":"article","og_title":"404 Page - Black Auto","og_description":"404 Page","og_url":"https:\/\/blackauto.ro\/en\/404-page\/","og_site_name":"Black Auto","article_publisher":"https:\/\/www.facebook.com\/BlackAutoTM","article_modified_time":"2021-09-01T13:05:54+00:00","twitter_card":"summary_large_image","schema":{"@context":"https:\/\/schema.org","@graph":[{"@type":"WebPage","@id":"https:\/\/blackauto.ro\/404-page\/","url":"https:\/\/blackauto.ro\/404-page\/","name":"404 Page - Black Auto","isPartOf":{"@id":"https:\/\/blackauto.ro\/#website"},"datePublished":"2019-08-09T11:16:53+00:00","dateModified":"2021-09-01T13:05:54+00:00","description":"404 Page","breadcrumb":{"@id":"https:\/\/blackauto.ro\/404-page\/#breadcrumb"},"inLanguage":"en-US","potentialAction":[{"@type":"ReadAction","target":["https:\/\/blackauto.ro\/404-page\/"]}]},{"@type":"BreadcrumbList","@id":"https:\/\/blackauto.ro\/404-page\/#breadcrumb","itemListElement":[{"@type":"ListItem","position":1,"name":"Prima pagin\u0103","item":"https:\/\/blackauto.ro\/"},{"@type":"ListItem","position":2,"name":"404 Page"}]},{"@type":"WebSite","@id":"https:\/\/blackauto.ro\/#website","url":"https:\/\/blackauto.ro\/","name":"Black Auto","description":"Auto Rulate","publisher":{"@id":"https:\/\/blackauto.ro\/#organization"},"potentialAction":[{"@type":"SearchAction","target":{"@type":"EntryPoint","urlTemplate":"https:\/\/blackauto.ro\/?s={search_term_string}"},"query-input":"required name=search_term_string"}],"inLanguage":"en-US"},{"@type":"Organization","@id":"https:\/\/blackauto.ro\/#organization","name":"BlackAuto","url":"https:\/\/blackauto.ro\/","logo":{"@type":"ImageObject","inLanguage":"en-US","@id":"https:\/\/blackauto.ro\/#\/schema\/logo\/image\/","url":"https:\/\/blackauto.ro\/wp-content\/uploads\/2021\/09\/bauto.png","contentUrl":"https:\/\/blackauto.ro\/wp-content\/uploads\/2021\/09\/bauto.png","width":439,"height":103,"caption":"BlackAuto"},"image":{"@id":"https:\/\/blackauto.ro\/#\/schema\/logo\/image\/"},"sameAs":["https:\/\/www.facebook.com\/BlackAutoTM","https:\/\/www.youtube.com\/channel\/UCdoqE32iH5UyxQUaO01BZlg"]}]}},"_links":{"self":[{"href":"https:\/\/blackauto.ro\/en\/wp-json\/wp\/v2\/pages\/2333","targetHints":{"allow":["GET"]}}],"collection":[{"href":"https:\/\/blackauto.ro\/en\/wp-json\/wp\/v2\/pages"}],"about":[{"href":"https:\/\/blackauto.ro\/en\/wp-json\/wp\/v2\/types\/page"}],"author":[{"embeddable":true,"href":"https:\/\/blackauto.ro\/en\/wp-json\/wp\/v2\/users\/1"}],"replies":[{"embeddable":true,"href":"https:\/\/blackauto.ro\/en\/wp-json\/wp\/v2\/comments?post=2333"}],"version-history":[{"count":0,"href":"https:\/\/blackauto.ro\/en\/wp-json\/wp\/v2\/pages\/2333\/revisions"}],"wp:attachment":[{"href":"https:\/\/blackauto.ro\/en\/wp-json\/wp\/v2\/media?parent=2333"}],"curies":[{"name":"wp","href":"https:\/\/api.w.org\/{rel}","templated":true}]}}